{"id":15533,"date":"2016-05-11T13:49:10","date_gmt":"2016-05-11T13:49:10","guid":{"rendered":"http:\/\/wpoffice\/enfold-fitness\/?page_id=515"},"modified":"2022-06-08T21:59:13","modified_gmt":"2022-06-08T21:59:13","slug":"about","status":"publish","type":"page","link":"https:\/\/pinturaelectrostaticaperu.com\/?page_id=15533","title":{"rendered":"Nosotros"},"content":{"rendered":"<div id='av_section_1'  class='avia-section av-dmb4kr1-76f887b2562b8453a650bc34a961de8a main_color avia-section-large avia-no-border-styling  avia-builder-el-0  el_before_av_layout_row  avia-builder-el-first  avia-bg-style-scroll container_wrap sidebar_right'  ><div class='container av-section-cont-open' ><main  role=\"main\" itemprop=\"mainContentOfPage\"  class='template-page content  av-content-small alpha units'><div class='post-entry post-entry-type-page post-entry-15533'><div class='entry-content-wrapper clearfix'>\n\n<style type=\"text\/css\" data-created_by=\"avia_inline_auto\" id=\"style-css-av-cxzosul-441366a8918551526d6e5851f300bf26\">\n#top .av-special-heading.av-cxzosul-441366a8918551526d6e5851f300bf26{\npadding-bottom:30px;\nfont-size:70px;\n}\nbody .av-special-heading.av-cxzosul-441366a8918551526d6e5851f300bf26 .av-special-heading-tag .heading-char{\nfont-size:25px;\n}\n#top #wrap_all .av-special-heading.av-cxzosul-441366a8918551526d6e5851f300bf26 .av-special-heading-tag{\nfont-size:70px;\n}\n.av-special-heading.av-cxzosul-441366a8918551526d6e5851f300bf26 .av-subheading{\nfont-size:15px;\n}\n<\/style>\n<div  class='av-special-heading av-cxzosul-441366a8918551526d6e5851f300bf26 av-special-heading-h1 blockquote modern-quote  avia-builder-el-1  el_before_av_two_fifth  avia-builder-el-first  av-thin-font av-inherit-size'><h1 class='av-special-heading-tag'  itemprop=\"headline\"  >NOSOTROS<strong>.<\/strong><\/h1><div class=\"special-heading-border\"><div class=\"special-heading-inner-border\"><\/div><\/div><\/div>\n\n<style type=\"text\/css\" data-created_by=\"avia_inline_auto\" id=\"style-css-av-ci052ct-fb7b08490c83dc5ca7a5f76c612cd0bc\">\n.flex_column.av-ci052ct-fb7b08490c83dc5ca7a5f76c612cd0bc{\nborder-radius:0px 0px 0px 0px;\n-webkit-border-radius:0px 0px 0px 0px;\n-moz-border-radius:0px 0px 0px 0px;\n}\n<\/style>\n<div class='flex_column av-ci052ct-fb7b08490c83dc5ca7a5f76c612cd0bc av_two_fifth  avia-builder-el-2  el_after_av_heading  el_before_av_three_fifth  first flex_column_div av-zero-column-padding '   ><p><section  class='av_textblock_section av-c0rre0d-fb25eec316c41a3520b789950ad44a1a'  itemscope=\"itemscope\" itemtype=\"https:\/\/schema.org\/CreativeWork\" ><div class='avia_textblock'  itemprop=\"text\" ><p><strong>METCORP<\/strong> es una empresa dedicada a el servicio de pintura electrost\u00e1tica y plastificada, con los est\u00e1ndares mas altos del mercado para conseguir la satisfacci\u00f3n total de nuestros clientes a trav\u00e9s de productos de alta durabilidad, el mejor precio puntualidad en la entrega de productos y atenci\u00f3n postventa.<\/p>\n<p>Contamos con la capacidad instalada para atender todas las necesidades de nuestros clientes.<\/p>\n<\/div><\/section><br \/>\n\n<style type=\"text\/css\" data-created_by=\"avia_inline_auto\" id=\"style-css-av-bk4tbfx-75975c30bdef79aa8a8282f21ce02c23\">\n#top .hr.hr-invisible.av-bk4tbfx-75975c30bdef79aa8a8282f21ce02c23{\nheight:30px;\n}\n<\/style>\n<div  class='hr av-bk4tbfx-75975c30bdef79aa8a8282f21ce02c23 hr-invisible  avia-builder-el-4  el_after_av_textblock  avia-builder-el-last '><span class='hr-inner '><span class=\"hr-inner-style\"><\/span><\/span><\/div><\/p><\/div>\n<style type=\"text\/css\" data-created_by=\"avia_inline_auto\" id=\"style-css-av-av_three_fifth-e671fab5613f317ef63eb9ab712c64a3\">\n.flex_column.av-av_three_fifth-e671fab5613f317ef63eb9ab712c64a3{\nborder-radius:0px 0px 0px 0px;\n-webkit-border-radius:0px 0px 0px 0px;\n-moz-border-radius:0px 0px 0px 0px;\n}\n<\/style>\n<div class='flex_column av-av_three_fifth-e671fab5613f317ef63eb9ab712c64a3 av_three_fifth  avia-builder-el-5  el_after_av_two_fifth  avia-builder-el-last  flex_column_div av-zero-column-padding '   ><p>\n<style type=\"text\/css\" data-created_by=\"avia_inline_auto\" id=\"style-css-av-l464d46u-83ad28be18b834c35704f559cd42e5d7\">\n#top .av-special-heading.av-l464d46u-83ad28be18b834c35704f559cd42e5d7{\npadding-bottom:20px;\ncolor:#000000;\n}\nbody .av-special-heading.av-l464d46u-83ad28be18b834c35704f559cd42e5d7 .av-special-heading-tag .heading-char{\nfont-size:25px;\n}\n#top #wrap_all .av-special-heading.av-l464d46u-83ad28be18b834c35704f559cd42e5d7 .av-special-heading-tag{\nfont-size:50px;\n}\n.av-special-heading.av-l464d46u-83ad28be18b834c35704f559cd42e5d7 .special-heading-inner-border{\nborder-color:#000000;\n}\n.av-special-heading.av-l464d46u-83ad28be18b834c35704f559cd42e5d7 .av-subheading{\nfont-size:15px;\n}\n<\/style>\n<div  class='av-special-heading av-l464d46u-83ad28be18b834c35704f559cd42e5d7 av-special-heading-h1 custom-color-heading  avia-builder-el-6  el_before_av_hr  avia-builder-el-first '><h1 class='av-special-heading-tag'  itemprop=\"headline\"  >LIDERES EN PINTURA ELECTROST\u00c1TICA Y PLASTIFICADO<\/h1><div class=\"special-heading-border\"><div class=\"special-heading-inner-border\"><\/div><\/div><\/div><br \/>\n\n<style type=\"text\/css\" data-created_by=\"avia_inline_auto\" id=\"style-css-av-av_hr-6aa2a14a08b78d928e732ca1e63c4969\">\n#top .hr.hr-invisible.av-av_hr-6aa2a14a08b78d928e732ca1e63c4969{\nheight:30px;\n}\n<\/style>\n<div  class='hr av-av_hr-6aa2a14a08b78d928e732ca1e63c4969 hr-invisible  avia-builder-el-7  el_after_av_heading  avia-builder-el-last '><span class='hr-inner '><span class=\"hr-inner-style\"><\/span><\/span><\/div><\/p><\/div><\/div><\/div><\/main><!-- close content main element --><\/div><\/div><div id='av-layout-grid-1'  class='av-layout-grid-container av-vcpwml-7e496bb00ef9481f6318f2beeb5ee5d8 entry-content-wrapper alternate_color av-flex-cells  avia-builder-el-8  el_after_av_section  avia-builder-el-last  grid-row-not-first  container_wrap sidebar_right'  >\n\n<style type=\"text\/css\" data-created_by=\"avia_inline_auto\" id=\"style-css-av-88yffxp-fc77d07b6f89597d25d780fdd0369616\">\n.flex_cell.av-88yffxp-fc77d07b6f89597d25d780fdd0369616{\nvertical-align:middle;\npadding:0px 0px 0px 0px;\nbackground:url(https:\/\/pinturaelectrostaticaperu.com\/wp-content\/uploads\/2022\/05\/dq-polvo-tipos-de-pintura-electrostatica-y-sus-caracteristicas.jpg) 0% 50% no-repeat scroll ;\n}\n<\/style>\n<div class='flex_cell av_one_full av-88yffxp-fc77d07b6f89597d25d780fdd0369616 no_margin  avia-builder-el-9  avia-builder-el-no-sibling  av-zero-padding avia-full-stretch' ><div class='flex_cell_inner'>\n<style type=\"text\/css\" data-created_by=\"avia_inline_auto\" id=\"style-css-av-l3j2ez3r-c3d73be83048ef89e92a61bf89f656b8\">\n#top .av-special-heading.av-l3j2ez3r-c3d73be83048ef89e92a61bf89f656b8{\nmargin:50px 50px 50px 50px;\npadding-bottom:20px;\ncolor:#000000;\nfont-size:50px;\n}\nbody .av-special-heading.av-l3j2ez3r-c3d73be83048ef89e92a61bf89f656b8 .av-special-heading-tag .heading-char{\nfont-size:25px;\n}\n#top #wrap_all .av-special-heading.av-l3j2ez3r-c3d73be83048ef89e92a61bf89f656b8 .av-special-heading-tag{\nfont-size:50px;\npadding:100px 100px 100px 100px;\n}\n.av-special-heading.av-l3j2ez3r-c3d73be83048ef89e92a61bf89f656b8 .special-heading-inner-border{\nborder-color:#000000;\n}\n.av-special-heading.av-l3j2ez3r-c3d73be83048ef89e92a61bf89f656b8 .av-subheading{\nfont-size:15px;\n}\n<\/style>\n<div  class='av-special-heading av-l3j2ez3r-c3d73be83048ef89e92a61bf89f656b8 av-special-heading-h1 custom-color-heading blockquote modern-quote modern-centered  avia-builder-el-10  avia-builder-el-no-sibling  av-inherit-size'><h1 class='av-special-heading-tag'  itemprop=\"headline\"  >\u3164\u3164<\/h1><div class=\"special-heading-border\"><div class=\"special-heading-inner-border\"><\/div><\/div><\/div>\n<\/div><\/div><\/div>\n","protected":false},"excerpt":{"rendered":"","protected":false},"author":1,"featured_media":0,"parent":0,"menu_order":0,"comment_status":"closed","ping_status":"closed","template":"","meta":{"footnotes":""},"class_list":["post-15533","page","type-page","status-publish","hentry"],"_links":{"self":[{"href":"https:\/\/pinturaelectrostaticaperu.com\/index.php?rest_route=\/wp\/v2\/pages\/15533","targetHints":{"allow":["GET"]}}],"collection":[{"href":"https:\/\/pinturaelectrostaticaperu.com\/index.php?rest_route=\/wp\/v2\/pages"}],"about":[{"href":"https:\/\/pinturaelectrostaticaperu.com\/index.php?rest_route=\/wp\/v2\/types\/page"}],"author":[{"embeddable":true,"href":"https:\/\/pinturaelectrostaticaperu.com\/index.php?rest_route=\/wp\/v2\/users\/1"}],"replies":[{"embeddable":true,"href":"https:\/\/pinturaelectrostaticaperu.com\/index.php?rest_route=%2Fwp%2Fv2%2Fcomments&post=15533"}],"version-history":[{"count":4,"href":"https:\/\/pinturaelectrostaticaperu.com\/index.php?rest_route=\/wp\/v2\/pages\/15533\/revisions"}],"predecessor-version":[{"id":15805,"href":"https:\/\/pinturaelectrostaticaperu.com\/index.php?rest_route=\/wp\/v2\/pages\/15533\/revisions\/15805"}],"wp:attachment":[{"href":"https:\/\/pinturaelectrostaticaperu.com\/index.php?rest_route=%2Fwp%2Fv2%2Fmedia&parent=15533"}],"curies":[{"name":"wp","href":"https:\/\/api.w.org\/{rel}","templated":true}]}}